{"id":6904,"date":"2025-12-18T14:24:12","date_gmt":"2025-12-18T13:24:12","guid":{"rendered":"https:\/\/www.paperfast.com\/product\/universal-copy-extra\/"},"modified":"2026-02-27T16:30:42","modified_gmt":"2026-02-27T15:30:42","slug":"universal-copy-extra","status":"publish","type":"product","link":"https:\/\/www.paperfast.com\/de\/produkt\/universal-copy-extra\/","title":{"rendered":"Universal Copy Extra"},"content":{"rendered":"<h3>ZERTIFIZIERUNGEN<\/h3>\n<p><img decoding=\"async\" class=\"wp-image-3022 alignleft certificazione\" src=\"https:\/\/www.paperfast.com\/wp-content\/uploads\/2023\/05\/ECF.png\" alt=\"\" data-wp-editing=\"1\"><img decoding=\"async\" class=\"wp-image-3022 alignleft certificazione\" src=\"https:\/\/www.paperfast.com\/wp-content\/uploads\/2023\/05\/Riciclo.png\" alt=\"\"><img decoding=\"async\" class=\"wp-image-3022 alignleft certificazione\" src=\"https:\/\/www.paperfast.com\/wp-content\/uploads\/2023\/05\/Long-Life.png\" alt=\"\"><img decoding=\"async\" class=\"wp-image-3022 alignleft certificazione\" src=\"https:\/\/www.paperfast.com\/wp-content\/uploads\/2023\/05\/FSC.png\" alt=\"\"><img decoding=\"async\" class=\"wp-image-3022 alignleft certificazione\" src=\"https:\/\/www.paperfast.com\/wp-content\/uploads\/2018\/07\/Logo_Ecolabel.webp\" alt=\"\"><img decoding=\"async\" class=\"wp-image-3022 alignleft certificazione\" src=\"https:\/\/www.paperfast.com\/wp-content\/uploads\/2025\/12\/acid-free.webp\" alt=\"\"><img decoding=\"async\" class=\"wp-image-3022 alignleft certificazione\" src=\"https:\/\/www.paperfast.com\/wp-content\/uploads\/2023\/05\/ISO-9001.png\" alt=\"\"><img decoding=\"async\" class=\"wp-image-3022 alignleft certificazione\" src=\"https:\/\/www.paperfast.com\/wp-content\/uploads\/2023\/05\/ISO-14001.png\" alt=\"\"><\/p>\n","protected":false},"excerpt":{"rendered":"<p><img decoding=\"async\" class=\"timbro\" src=\"https:\/\/www.paperfast.com\/wp-content\/uploads\/2023\/05\/originale-timbro.webp\" alt=\"\"><br \/>\nEin neues Produkt, das das Sortiment erweitert. Ein Mehrzweckpapier mit hoher Wei\u00dfe, das scharfe Drucke und brillante Farben gew\u00e4hrleistet. Ein Kopierpapier, das entwickelt wurde, um Papierstaus deutlich zu reduzieren. Perfekt f\u00fcr beidseitiges Kopieren und Drucke in hohen Auflagen. Erh\u00e4ltlich in 80 g\/m\u00b2 im Format A4. FSC\u00ae- und Ecolabel-zertifiziert.    <\/p>\n<p><a class=\"bt-scheda\" href=\"https:\/\/www.paperfast.com\/catalogo\/en\/PAPERFAST-Universal-Copy-Extra.pdf\" target=\"_blank\" rel=\"noopener\"><i class=\"fas fa-file-pdf\" aria-hidden=\"true\"><\/i> Technisches Datenblatt<\/a><\/p>\n","protected":false},"featured_media":6902,"template":"","meta":[],"product_brand":[],"product_cat":[99],"product_tag":[],"class_list":{"0":"post-6904","1":"product","2":"type-product","3":"status-publish","4":"has-post-thumbnail","6":"product_cat-brand-primus-universal-copy-earth-life-line","8":"first","9":"instock","10":"shipping-taxable","11":"product-type-simple"},"yoast_head":"<!-- This site is optimized with the Yoast SEO plugin v27.1.1 - https:\/\/yoast.com\/product\/yoast-seo-wordpress\/ -->\n<title>Universal Copy Extra - PAPERFAST<\/title>\n<meta name=\"robots\" content=\"index, follow, max-snippet:-1, max-image-preview:large, max-video-preview:-1\" \/>\n<link rel=\"canonical\" href=\"https:\/\/www.paperfast.com\/de\/produkt\/universal-copy-extra\/\" \/>\n<meta property=\"og:locale\" content=\"de_DE\" \/>\n<meta property=\"og:type\" content=\"article\" \/>\n<meta property=\"og:title\" content=\"Universal Copy Extra - PAPERFAST\" \/>\n<meta property=\"og:description\" content=\"Ein neues Produkt, das das Sortiment erweitert. Ein Mehrzweckpapier mit hoher Wei\u00dfe, das scharfe Drucke und brillante Farben gew\u00e4hrleistet. Ein Kopierpapier, das entwickelt wurde, um Papierstaus deutlich zu reduzieren. Perfekt f\u00fcr beidseitiges Kopieren und Drucke in hohen Auflagen. Erh\u00e4ltlich in 80 g\/m\u00b2 im Format A4. FSC\u00ae- und Ecolabel-zertifiziert.    Technisches Datenblatt\" \/>\n<meta property=\"og:url\" content=\"https:\/\/www.paperfast.com\/de\/produkt\/universal-copy-extra\/\" \/>\n<meta property=\"og:site_name\" content=\"PAPERFAST\" \/>\n<meta property=\"article:modified_time\" content=\"2026-02-27T15:30:42+00:00\" \/>\n<meta property=\"og:image\" content=\"https:\/\/www.paperfast.com\/wp-content\/uploads\/2025\/12\/Eins-Universal-Copy-Extra.jpg\" \/>\n\t<meta property=\"og:image:width\" content=\"1500\" \/>\n\t<meta property=\"og:image:height\" content=\"1500\" \/>\n\t<meta property=\"og:image:type\" content=\"image\/jpeg\" \/>\n<meta name=\"twitter:card\" content=\"summary_large_image\" \/>\n<script type=\"application\/ld+json\" class=\"yoast-schema-graph\">{\"@context\":\"https:\/\/schema.org\",\"@graph\":[{\"@type\":\"WebPage\",\"@id\":\"https:\/\/www.paperfast.com\/de\/produkt\/universal-copy-extra\/\",\"url\":\"https:\/\/www.paperfast.com\/de\/produkt\/universal-copy-extra\/\",\"name\":\"Universal Copy Extra - PAPERFAST\",\"isPartOf\":{\"@id\":\"https:\/\/www.paperfast.com\/de\/#website\"},\"primaryImageOfPage\":{\"@id\":\"https:\/\/www.paperfast.com\/de\/produkt\/universal-copy-extra\/#primaryimage\"},\"image\":{\"@id\":\"https:\/\/www.paperfast.com\/de\/produkt\/universal-copy-extra\/#primaryimage\"},\"thumbnailUrl\":\"https:\/\/www.paperfast.com\/wp-content\/uploads\/2025\/12\/Eins-Universal-Copy-Extra.jpg\",\"datePublished\":\"2025-12-18T13:24:12+00:00\",\"dateModified\":\"2026-02-27T15:30:42+00:00\",\"breadcrumb\":{\"@id\":\"https:\/\/www.paperfast.com\/de\/produkt\/universal-copy-extra\/#breadcrumb\"},\"inLanguage\":\"de\",\"potentialAction\":[{\"@type\":\"ReadAction\",\"target\":[\"https:\/\/www.paperfast.com\/de\/produkt\/universal-copy-extra\/\"]}]},{\"@type\":\"ImageObject\",\"inLanguage\":\"de\",\"@id\":\"https:\/\/www.paperfast.com\/de\/produkt\/universal-copy-extra\/#primaryimage\",\"url\":\"https:\/\/www.paperfast.com\/wp-content\/uploads\/2025\/12\/Eins-Universal-Copy-Extra.jpg\",\"contentUrl\":\"https:\/\/www.paperfast.com\/wp-content\/uploads\/2025\/12\/Eins-Universal-Copy-Extra.jpg\",\"width\":1500,\"height\":1500},{\"@type\":\"BreadcrumbList\",\"@id\":\"https:\/\/www.paperfast.com\/de\/produkt\/universal-copy-extra\/#breadcrumb\",\"itemListElement\":[{\"@type\":\"ListItem\",\"position\":1,\"name\":\"Home\",\"item\":\"https:\/\/www.paperfast.com\/de\/\"},{\"@type\":\"ListItem\",\"position\":2,\"name\":\"Produkte\",\"item\":\"https:\/\/www.paperfast.com\/de\/produkte\/\"},{\"@type\":\"ListItem\",\"position\":3,\"name\":\"Universal Copy Extra\"}]},{\"@type\":\"WebSite\",\"@id\":\"https:\/\/www.paperfast.com\/de\/#website\",\"url\":\"https:\/\/www.paperfast.com\/de\/\",\"name\":\"PAPERFAST\",\"description\":\"Distributore internazionale di carta in risme\",\"publisher\":{\"@id\":\"https:\/\/www.paperfast.com\/de\/#organization\"},\"alternateName\":\"PAPERFAST\",\"potentialAction\":[{\"@type\":\"SearchAction\",\"target\":{\"@type\":\"EntryPoint\",\"urlTemplate\":\"https:\/\/www.paperfast.com\/de\/?s={search_term_string}\"},\"query-input\":{\"@type\":\"PropertyValueSpecification\",\"valueRequired\":true,\"valueName\":\"search_term_string\"}}],\"inLanguage\":\"de\"},{\"@type\":\"Organization\",\"@id\":\"https:\/\/www.paperfast.com\/de\/#organization\",\"name\":\"PAPERFAST s.r.l.\",\"url\":\"https:\/\/www.paperfast.com\/de\/\",\"logo\":{\"@type\":\"ImageObject\",\"inLanguage\":\"de\",\"@id\":\"https:\/\/www.paperfast.com\/de\/#\/schema\/logo\/image\/\",\"url\":\"https:\/\/www.paperfast.com\/wp-content\/uploads\/2018\/07\/Logo_final_CMYK_transp.png\",\"contentUrl\":\"https:\/\/www.paperfast.com\/wp-content\/uploads\/2018\/07\/Logo_final_CMYK_transp.png\",\"width\":679,\"height\":249,\"caption\":\"PAPERFAST s.r.l.\"},\"image\":{\"@id\":\"https:\/\/www.paperfast.com\/de\/#\/schema\/logo\/image\/\"}}]}<\/script>\n<!-- \/ Yoast SEO plugin. -->","yoast_head_json":{"title":"Universal Copy Extra - PAPERFAST","robots":{"index":"index","follow":"follow","max-snippet":"max-snippet:-1","max-image-preview":"max-image-preview:large","max-video-preview":"max-video-preview:-1"},"canonical":"https:\/\/www.paperfast.com\/de\/produkt\/universal-copy-extra\/","og_locale":"de_DE","og_type":"article","og_title":"Universal Copy Extra - PAPERFAST","og_description":"Ein neues Produkt, das das Sortiment erweitert. Ein Mehrzweckpapier mit hoher Wei\u00dfe, das scharfe Drucke und brillante Farben gew\u00e4hrleistet. Ein Kopierpapier, das entwickelt wurde, um Papierstaus deutlich zu reduzieren. Perfekt f\u00fcr beidseitiges Kopieren und Drucke in hohen Auflagen. Erh\u00e4ltlich in 80 g\/m\u00b2 im Format A4. FSC\u00ae- und Ecolabel-zertifiziert.    Technisches Datenblatt","og_url":"https:\/\/www.paperfast.com\/de\/produkt\/universal-copy-extra\/","og_site_name":"PAPERFAST","article_modified_time":"2026-02-27T15:30:42+00:00","og_image":[{"width":1500,"height":1500,"url":"https:\/\/www.paperfast.com\/wp-content\/uploads\/2025\/12\/Eins-Universal-Copy-Extra.jpg","type":"image\/jpeg"}],"twitter_card":"summary_large_image","schema":{"@context":"https:\/\/schema.org","@graph":[{"@type":"WebPage","@id":"https:\/\/www.paperfast.com\/de\/produkt\/universal-copy-extra\/","url":"https:\/\/www.paperfast.com\/de\/produkt\/universal-copy-extra\/","name":"Universal Copy Extra - PAPERFAST","isPartOf":{"@id":"https:\/\/www.paperfast.com\/de\/#website"},"primaryImageOfPage":{"@id":"https:\/\/www.paperfast.com\/de\/produkt\/universal-copy-extra\/#primaryimage"},"image":{"@id":"https:\/\/www.paperfast.com\/de\/produkt\/universal-copy-extra\/#primaryimage"},"thumbnailUrl":"https:\/\/www.paperfast.com\/wp-content\/uploads\/2025\/12\/Eins-Universal-Copy-Extra.jpg","datePublished":"2025-12-18T13:24:12+00:00","dateModified":"2026-02-27T15:30:42+00:00","breadcrumb":{"@id":"https:\/\/www.paperfast.com\/de\/produkt\/universal-copy-extra\/#breadcrumb"},"inLanguage":"de","potentialAction":[{"@type":"ReadAction","target":["https:\/\/www.paperfast.com\/de\/produkt\/universal-copy-extra\/"]}]},{"@type":"ImageObject","inLanguage":"de","@id":"https:\/\/www.paperfast.com\/de\/produkt\/universal-copy-extra\/#primaryimage","url":"https:\/\/www.paperfast.com\/wp-content\/uploads\/2025\/12\/Eins-Universal-Copy-Extra.jpg","contentUrl":"https:\/\/www.paperfast.com\/wp-content\/uploads\/2025\/12\/Eins-Universal-Copy-Extra.jpg","width":1500,"height":1500},{"@type":"BreadcrumbList","@id":"https:\/\/www.paperfast.com\/de\/produkt\/universal-copy-extra\/#breadcrumb","itemListElement":[{"@type":"ListItem","position":1,"name":"Home","item":"https:\/\/www.paperfast.com\/de\/"},{"@type":"ListItem","position":2,"name":"Produkte","item":"https:\/\/www.paperfast.com\/de\/produkte\/"},{"@type":"ListItem","position":3,"name":"Universal Copy Extra"}]},{"@type":"WebSite","@id":"https:\/\/www.paperfast.com\/de\/#website","url":"https:\/\/www.paperfast.com\/de\/","name":"PAPERFAST","description":"Distributore internazionale di carta in risme","publisher":{"@id":"https:\/\/www.paperfast.com\/de\/#organization"},"alternateName":"PAPERFAST","potentialAction":[{"@type":"SearchAction","target":{"@type":"EntryPoint","urlTemplate":"https:\/\/www.paperfast.com\/de\/?s={search_term_string}"},"query-input":{"@type":"PropertyValueSpecification","valueRequired":true,"valueName":"search_term_string"}}],"inLanguage":"de"},{"@type":"Organization","@id":"https:\/\/www.paperfast.com\/de\/#organization","name":"PAPERFAST s.r.l.","url":"https:\/\/www.paperfast.com\/de\/","logo":{"@type":"ImageObject","inLanguage":"de","@id":"https:\/\/www.paperfast.com\/de\/#\/schema\/logo\/image\/","url":"https:\/\/www.paperfast.com\/wp-content\/uploads\/2018\/07\/Logo_final_CMYK_transp.png","contentUrl":"https:\/\/www.paperfast.com\/wp-content\/uploads\/2018\/07\/Logo_final_CMYK_transp.png","width":679,"height":249,"caption":"PAPERFAST s.r.l."},"image":{"@id":"https:\/\/www.paperfast.com\/de\/#\/schema\/logo\/image\/"}}]}},"_links":{"self":[{"href":"https:\/\/www.paperfast.com\/de\/wp-json\/wp\/v2\/product\/6904","targetHints":{"allow":["GET"]}}],"collection":[{"href":"https:\/\/www.paperfast.com\/de\/wp-json\/wp\/v2\/product"}],"about":[{"href":"https:\/\/www.paperfast.com\/de\/wp-json\/wp\/v2\/types\/product"}],"wp:featuredmedia":[{"embeddable":true,"href":"https:\/\/www.paperfast.com\/de\/wp-json\/wp\/v2\/media\/6902"}],"wp:attachment":[{"href":"https:\/\/www.paperfast.com\/de\/wp-json\/wp\/v2\/media?parent=6904"}],"wp:term":[{"taxonomy":"product_brand","embeddable":true,"href":"https:\/\/www.paperfast.com\/de\/wp-json\/wp\/v2\/product_brand?post=6904"},{"taxonomy":"product_cat","embeddable":true,"href":"https:\/\/www.paperfast.com\/de\/wp-json\/wp\/v2\/product_cat?post=6904"},{"taxonomy":"product_tag","embeddable":true,"href":"https:\/\/www.paperfast.com\/de\/wp-json\/wp\/v2\/product_tag?post=6904"}],"curies":[{"name":"wp","href":"https:\/\/api.w.org\/{rel}","templated":true}]}}