{"id":5735,"date":"2023-04-21T09:16:29","date_gmt":"2023-04-21T07:16:29","guid":{"rendered":"https:\/\/www.paperfast.com\/product\/universal-copy-red-2\/"},"modified":"2026-02-27T16:33:32","modified_gmt":"2026-02-27T15:33:32","slug":"universal-copy-red","status":"publish","type":"product","link":"https:\/\/www.paperfast.com\/de\/produkt\/universal-copy-red\/","title":{"rendered":"Universal Copy Red"},"content":{"rendered":"<h3>ZERTIFIZIERUNGEN<\/h3>\n<p><img decoding=\"async\" class=\"wp-image-3022 alignleft certificazione\" src=\"https:\/\/www.paperfast.com\/wp-content\/uploads\/2023\/05\/ECF.png\" alt=\"\" data-wp-editing=\"1\"><img decoding=\"async\" class=\"wp-image-3022 alignleft certificazione\" src=\"https:\/\/www.paperfast.com\/wp-content\/uploads\/2023\/05\/Riciclo.png\" alt=\"\"><img decoding=\"async\" class=\"wp-image-3022 alignleft certificazione\" src=\"https:\/\/www.paperfast.com\/wp-content\/uploads\/2023\/05\/Long-Life.png\" alt=\"\"><img decoding=\"async\" class=\"wp-image-3022 alignleft certificazione\" src=\"https:\/\/www.paperfast.com\/wp-content\/uploads\/2023\/05\/PEFC.png\" alt=\"\"><img decoding=\"async\" class=\"wp-image-3022 alignleft certificazione\" src=\"https:\/\/www.paperfast.com\/wp-content\/uploads\/2023\/05\/ISO-9001.png\" alt=\"\"><img decoding=\"async\" class=\"wp-image-3022 alignleft certificazione\" src=\"https:\/\/www.paperfast.com\/wp-content\/uploads\/2023\/05\/ISO-14001.png\" alt=\"\"><img decoding=\"async\" class=\"wp-image-3022 alignleft certificazione\" src=\"https:\/\/www.paperfast.com\/wp-content\/uploads\/2023\/05\/SRFM.png\" alt=\"\"><\/p>\n","protected":false},"excerpt":{"rendered":"<p><img decoding=\"async\" class=\"timbro\" src=\"https:\/\/www.paperfast.com\/wp-content\/uploads\/2023\/05\/originale-timbro.webp\" alt=\"\"><br \/>\nMehrzweckpapier mit ausgezeichneter Wei\u00dfe. Scharfe Drucke, brillante Farben und eine Haptik, die einem h\u00f6heren Fl\u00e4chengewicht entspricht. Staufrei. Hervorragendes Verh\u00e4ltnis zwischen Qualit\u00e4t und Preis. Erh\u00e4ltlich in 70 g\/m\u00b2 im Format A4. PEFC-zertifiziert.  <\/p>\n<p><a class=\"bt-scheda\" href=\"https:\/\/www.paperfast.com\/catalogo\/en\/PAPERFAST-Universal-Copy-Red.pdf\" target=\"_blank\" rel=\"noopener\"><i class=\"fas fa-file-pdf\" aria-hidden=\"true\"><\/i> Technisches Datenblatt<\/a><\/p>\n","protected":false},"featured_media":5736,"template":"","meta":[],"product_brand":[],"product_cat":[99],"product_tag":[],"class_list":{"0":"post-5735","1":"product","2":"type-product","3":"status-publish","4":"has-post-thumbnail","6":"product_cat-brand-primus-universal-copy-earth-life-line","8":"first","9":"instock","10":"shipping-taxable","11":"product-type-simple"},"yoast_head":"<!-- This site is optimized with the Yoast SEO plugin v27.1.1 - https:\/\/yoast.com\/product\/yoast-seo-wordpress\/ -->\n<title>Universal Copy Red - PAPERFAST<\/title>\n<meta name=\"robots\" content=\"index, follow, max-snippet:-1, max-image-preview:large, max-video-preview:-1\" \/>\n<link rel=\"canonical\" href=\"https:\/\/www.paperfast.com\/de\/produkt\/universal-copy-red\/\" \/>\n<meta property=\"og:locale\" content=\"de_DE\" \/>\n<meta property=\"og:type\" content=\"article\" \/>\n<meta property=\"og:title\" content=\"Universal Copy Red - PAPERFAST\" \/>\n<meta property=\"og:description\" content=\"Mehrzweckpapier mit ausgezeichneter Wei\u00dfe. Scharfe Drucke, brillante Farben und eine Haptik, die einem h\u00f6heren Fl\u00e4chengewicht entspricht. Staufrei. Hervorragendes Verh\u00e4ltnis zwischen Qualit\u00e4t und Preis. Erh\u00e4ltlich in 70 g\/m\u00b2 im Format A4. PEFC-zertifiziert.   Technisches Datenblatt\" \/>\n<meta property=\"og:url\" content=\"https:\/\/www.paperfast.com\/de\/produkt\/universal-copy-red\/\" \/>\n<meta property=\"og:site_name\" content=\"PAPERFAST\" \/>\n<meta property=\"article:modified_time\" content=\"2026-02-27T15:33:32+00:00\" \/>\n<meta property=\"og:image\" content=\"https:\/\/www.paperfast.com\/wp-content\/uploads\/2023\/04\/Eins-2.jpg\" \/>\n\t<meta property=\"og:image:width\" content=\"1500\" \/>\n\t<meta property=\"og:image:height\" content=\"1500\" \/>\n\t<meta property=\"og:image:type\" content=\"image\/jpeg\" \/>\n<meta name=\"twitter:card\" content=\"summary_large_image\" \/>\n<script type=\"application\/ld+json\" class=\"yoast-schema-graph\">{\"@context\":\"https:\/\/schema.org\",\"@graph\":[{\"@type\":\"WebPage\",\"@id\":\"https:\/\/www.paperfast.com\/de\/produkt\/universal-copy-red\/\",\"url\":\"https:\/\/www.paperfast.com\/de\/produkt\/universal-copy-red\/\",\"name\":\"Universal Copy Red - PAPERFAST\",\"isPartOf\":{\"@id\":\"https:\/\/www.paperfast.com\/de\/#website\"},\"primaryImageOfPage\":{\"@id\":\"https:\/\/www.paperfast.com\/de\/produkt\/universal-copy-red\/#primaryimage\"},\"image\":{\"@id\":\"https:\/\/www.paperfast.com\/de\/produkt\/universal-copy-red\/#primaryimage\"},\"thumbnailUrl\":\"https:\/\/www.paperfast.com\/wp-content\/uploads\/2023\/04\/Eins-2.jpg\",\"datePublished\":\"2023-04-21T07:16:29+00:00\",\"dateModified\":\"2026-02-27T15:33:32+00:00\",\"breadcrumb\":{\"@id\":\"https:\/\/www.paperfast.com\/de\/produkt\/universal-copy-red\/#breadcrumb\"},\"inLanguage\":\"de\",\"potentialAction\":[{\"@type\":\"ReadAction\",\"target\":[\"https:\/\/www.paperfast.com\/de\/produkt\/universal-copy-red\/\"]}]},{\"@type\":\"ImageObject\",\"inLanguage\":\"de\",\"@id\":\"https:\/\/www.paperfast.com\/de\/produkt\/universal-copy-red\/#primaryimage\",\"url\":\"https:\/\/www.paperfast.com\/wp-content\/uploads\/2023\/04\/Eins-2.jpg\",\"contentUrl\":\"https:\/\/www.paperfast.com\/wp-content\/uploads\/2023\/04\/Eins-2.jpg\",\"width\":1500,\"height\":1500},{\"@type\":\"BreadcrumbList\",\"@id\":\"https:\/\/www.paperfast.com\/de\/produkt\/universal-copy-red\/#breadcrumb\",\"itemListElement\":[{\"@type\":\"ListItem\",\"position\":1,\"name\":\"Home\",\"item\":\"https:\/\/www.paperfast.com\/de\/\"},{\"@type\":\"ListItem\",\"position\":2,\"name\":\"Produkte\",\"item\":\"https:\/\/www.paperfast.com\/de\/produkte\/\"},{\"@type\":\"ListItem\",\"position\":3,\"name\":\"Universal Copy Red\"}]},{\"@type\":\"WebSite\",\"@id\":\"https:\/\/www.paperfast.com\/de\/#website\",\"url\":\"https:\/\/www.paperfast.com\/de\/\",\"name\":\"PAPERFAST\",\"description\":\"Distributore internazionale di carta in risme\",\"publisher\":{\"@id\":\"https:\/\/www.paperfast.com\/de\/#organization\"},\"alternateName\":\"PAPERFAST\",\"potentialAction\":[{\"@type\":\"SearchAction\",\"target\":{\"@type\":\"EntryPoint\",\"urlTemplate\":\"https:\/\/www.paperfast.com\/de\/?s={search_term_string}\"},\"query-input\":{\"@type\":\"PropertyValueSpecification\",\"valueRequired\":true,\"valueName\":\"search_term_string\"}}],\"inLanguage\":\"de\"},{\"@type\":\"Organization\",\"@id\":\"https:\/\/www.paperfast.com\/de\/#organization\",\"name\":\"PAPERFAST s.r.l.\",\"url\":\"https:\/\/www.paperfast.com\/de\/\",\"logo\":{\"@type\":\"ImageObject\",\"inLanguage\":\"de\",\"@id\":\"https:\/\/www.paperfast.com\/de\/#\/schema\/logo\/image\/\",\"url\":\"https:\/\/www.paperfast.com\/wp-content\/uploads\/2018\/07\/Logo_final_CMYK_transp.png\",\"contentUrl\":\"https:\/\/www.paperfast.com\/wp-content\/uploads\/2018\/07\/Logo_final_CMYK_transp.png\",\"width\":679,\"height\":249,\"caption\":\"PAPERFAST s.r.l.\"},\"image\":{\"@id\":\"https:\/\/www.paperfast.com\/de\/#\/schema\/logo\/image\/\"}}]}<\/script>\n<!-- \/ Yoast SEO plugin. -->","yoast_head_json":{"title":"Universal Copy Red - PAPERFAST","robots":{"index":"index","follow":"follow","max-snippet":"max-snippet:-1","max-image-preview":"max-image-preview:large","max-video-preview":"max-video-preview:-1"},"canonical":"https:\/\/www.paperfast.com\/de\/produkt\/universal-copy-red\/","og_locale":"de_DE","og_type":"article","og_title":"Universal Copy Red - PAPERFAST","og_description":"Mehrzweckpapier mit ausgezeichneter Wei\u00dfe. Scharfe Drucke, brillante Farben und eine Haptik, die einem h\u00f6heren Fl\u00e4chengewicht entspricht. Staufrei. Hervorragendes Verh\u00e4ltnis zwischen Qualit\u00e4t und Preis. Erh\u00e4ltlich in 70 g\/m\u00b2 im Format A4. PEFC-zertifiziert.   Technisches Datenblatt","og_url":"https:\/\/www.paperfast.com\/de\/produkt\/universal-copy-red\/","og_site_name":"PAPERFAST","article_modified_time":"2026-02-27T15:33:32+00:00","og_image":[{"width":1500,"height":1500,"url":"https:\/\/www.paperfast.com\/wp-content\/uploads\/2023\/04\/Eins-2.jpg","type":"image\/jpeg"}],"twitter_card":"summary_large_image","schema":{"@context":"https:\/\/schema.org","@graph":[{"@type":"WebPage","@id":"https:\/\/www.paperfast.com\/de\/produkt\/universal-copy-red\/","url":"https:\/\/www.paperfast.com\/de\/produkt\/universal-copy-red\/","name":"Universal Copy Red - PAPERFAST","isPartOf":{"@id":"https:\/\/www.paperfast.com\/de\/#website"},"primaryImageOfPage":{"@id":"https:\/\/www.paperfast.com\/de\/produkt\/universal-copy-red\/#primaryimage"},"image":{"@id":"https:\/\/www.paperfast.com\/de\/produkt\/universal-copy-red\/#primaryimage"},"thumbnailUrl":"https:\/\/www.paperfast.com\/wp-content\/uploads\/2023\/04\/Eins-2.jpg","datePublished":"2023-04-21T07:16:29+00:00","dateModified":"2026-02-27T15:33:32+00:00","breadcrumb":{"@id":"https:\/\/www.paperfast.com\/de\/produkt\/universal-copy-red\/#breadcrumb"},"inLanguage":"de","potentialAction":[{"@type":"ReadAction","target":["https:\/\/www.paperfast.com\/de\/produkt\/universal-copy-red\/"]}]},{"@type":"ImageObject","inLanguage":"de","@id":"https:\/\/www.paperfast.com\/de\/produkt\/universal-copy-red\/#primaryimage","url":"https:\/\/www.paperfast.com\/wp-content\/uploads\/2023\/04\/Eins-2.jpg","contentUrl":"https:\/\/www.paperfast.com\/wp-content\/uploads\/2023\/04\/Eins-2.jpg","width":1500,"height":1500},{"@type":"BreadcrumbList","@id":"https:\/\/www.paperfast.com\/de\/produkt\/universal-copy-red\/#breadcrumb","itemListElement":[{"@type":"ListItem","position":1,"name":"Home","item":"https:\/\/www.paperfast.com\/de\/"},{"@type":"ListItem","position":2,"name":"Produkte","item":"https:\/\/www.paperfast.com\/de\/produkte\/"},{"@type":"ListItem","position":3,"name":"Universal Copy Red"}]},{"@type":"WebSite","@id":"https:\/\/www.paperfast.com\/de\/#website","url":"https:\/\/www.paperfast.com\/de\/","name":"PAPERFAST","description":"Distributore internazionale di carta in risme","publisher":{"@id":"https:\/\/www.paperfast.com\/de\/#organization"},"alternateName":"PAPERFAST","potentialAction":[{"@type":"SearchAction","target":{"@type":"EntryPoint","urlTemplate":"https:\/\/www.paperfast.com\/de\/?s={search_term_string}"},"query-input":{"@type":"PropertyValueSpecification","valueRequired":true,"valueName":"search_term_string"}}],"inLanguage":"de"},{"@type":"Organization","@id":"https:\/\/www.paperfast.com\/de\/#organization","name":"PAPERFAST s.r.l.","url":"https:\/\/www.paperfast.com\/de\/","logo":{"@type":"ImageObject","inLanguage":"de","@id":"https:\/\/www.paperfast.com\/de\/#\/schema\/logo\/image\/","url":"https:\/\/www.paperfast.com\/wp-content\/uploads\/2018\/07\/Logo_final_CMYK_transp.png","contentUrl":"https:\/\/www.paperfast.com\/wp-content\/uploads\/2018\/07\/Logo_final_CMYK_transp.png","width":679,"height":249,"caption":"PAPERFAST s.r.l."},"image":{"@id":"https:\/\/www.paperfast.com\/de\/#\/schema\/logo\/image\/"}}]}},"_links":{"self":[{"href":"https:\/\/www.paperfast.com\/de\/wp-json\/wp\/v2\/product\/5735","targetHints":{"allow":["GET"]}}],"collection":[{"href":"https:\/\/www.paperfast.com\/de\/wp-json\/wp\/v2\/product"}],"about":[{"href":"https:\/\/www.paperfast.com\/de\/wp-json\/wp\/v2\/types\/product"}],"wp:featuredmedia":[{"embeddable":true,"href":"https:\/\/www.paperfast.com\/de\/wp-json\/wp\/v2\/media\/5736"}],"wp:attachment":[{"href":"https:\/\/www.paperfast.com\/de\/wp-json\/wp\/v2\/media?parent=5735"}],"wp:term":[{"taxonomy":"product_brand","embeddable":true,"href":"https:\/\/www.paperfast.com\/de\/wp-json\/wp\/v2\/product_brand?post=5735"},{"taxonomy":"product_cat","embeddable":true,"href":"https:\/\/www.paperfast.com\/de\/wp-json\/wp\/v2\/product_cat?post=5735"},{"taxonomy":"product_tag","embeddable":true,"href":"https:\/\/www.paperfast.com\/de\/wp-json\/wp\/v2\/product_tag?post=5735"}],"curies":[{"name":"wp","href":"https:\/\/api.w.org\/{rel}","templated":true}]}}