{"id":5725,"date":"2023-04-20T16:31:28","date_gmt":"2023-04-20T14:31:28","guid":{"rendered":"https:\/\/www.paperfast.com\/product\/double-a-business-75-2\/"},"modified":"2026-02-27T16:33:46","modified_gmt":"2026-02-27T15:33:46","slug":"double-a-business-75","status":"publish","type":"product","link":"https:\/\/www.paperfast.com\/de\/produkt\/double-a-business-75\/","title":{"rendered":"Double A Business"},"content":{"rendered":"<h3>ZERTIFIZIERUNGEN<\/h3>\n<p><img decoding=\"async\" class=\"wp-image-3022 alignleft certificazione\" src=\"https:\/\/www.paperfast.com\/wp-content\/uploads\/2023\/05\/ECF.png\" alt=\"\" data-wp-editing=\"1\"><img decoding=\"async\" class=\"wp-image-3022 alignleft certificazione\" src=\"https:\/\/www.paperfast.com\/wp-content\/uploads\/2023\/05\/Riciclo.png\" alt=\"\"><img decoding=\"async\" class=\"wp-image-3022 alignleft certificazione\" src=\"https:\/\/www.paperfast.com\/wp-content\/uploads\/2023\/05\/Long-Life.png\" alt=\"\"><img decoding=\"async\" class=\"wp-image-3022 alignleft certificazione\" src=\"https:\/\/www.paperfast.com\/wp-content\/uploads\/2023\/05\/FSC.png\" alt=\"\"><br \/>\n<img decoding=\"async\" class=\"wp-image-3022 alignleft certificazione\" src=\"https:\/\/www.paperfast.com\/wp-content\/uploads\/2023\/05\/ISO-9001.png\" alt=\"\"><img decoding=\"async\" class=\"wp-image-3022 alignleft certificazione\" src=\"https:\/\/www.paperfast.com\/wp-content\/uploads\/2023\/05\/ISO-14001.png\" alt=\"\"><\/p>\n","protected":false},"excerpt":{"rendered":"<p>Business ist ein Papier von sehr hoher Qualit\u00e4t f\u00fcr scharfe und brillante Kopien. Schneewei\u00df. Sehr glatt im Griff und perfekt f\u00fcr beidseitiges Drucken. Getestet, um Papierstaus deutlich zu reduzieren, und ideal f\u00fcr Drucke in hohen Auflagen. Erh\u00e4ltlich in 75 g\/m\u00b2 in den Formaten A4 und A3. FSC\u00ae-zertifiziert.     <\/p>\n<p><strong>Cod. A4: <\/strong> PFCA001DAB<br \/>\n<strong>Cod. A3: <\/strong> PFCA003DAB<\/p>\n<p><a class=\"bt-scheda\" href=\"https:\/\/www.paperfast.com\/catalogo\/en\/PAPERFAST-Double-A-Business.pdf\" target=\"_blank\" rel=\"noopener\"><i class=\"fas fa-file-pdf\" aria-hidden=\"true\"><\/i> Technisches Datenblatt<\/a><\/p>\n","protected":false},"featured_media":5726,"template":"","meta":[],"product_brand":[],"product_cat":[86],"product_tag":[],"class_list":{"0":"post-5725","1":"product","2":"type-product","3":"status-publish","4":"has-post-thumbnail","6":"product_cat-double-a-de","8":"first","9":"instock","10":"shipping-taxable","11":"product-type-simple"},"yoast_head":"<!-- This site is optimized with the Yoast SEO plugin v27.1.1 - https:\/\/yoast.com\/product\/yoast-seo-wordpress\/ -->\n<title>Double A Business - PAPERFAST<\/title>\n<meta name=\"robots\" content=\"index, follow, max-snippet:-1, max-image-preview:large, max-video-preview:-1\" \/>\n<link rel=\"canonical\" href=\"https:\/\/www.paperfast.com\/de\/produkt\/double-a-business-75\/\" \/>\n<meta property=\"og:locale\" content=\"de_DE\" \/>\n<meta property=\"og:type\" content=\"article\" \/>\n<meta property=\"og:title\" content=\"Double A Business - PAPERFAST\" \/>\n<meta property=\"og:description\" content=\"Business ist ein Papier von sehr hoher Qualit\u00e4t f\u00fcr scharfe und brillante Kopien. Schneewei\u00df. Sehr glatt im Griff und perfekt f\u00fcr beidseitiges Drucken. Getestet, um Papierstaus deutlich zu reduzieren, und ideal f\u00fcr Drucke in hohen Auflagen. Erh\u00e4ltlich in 75 g\/m\u00b2 in den Formaten A4 und A3. FSC\u00ae-zertifiziert.    Cod. A4: PFCA001DAB Cod. A3: PFCA003DAB  Technisches Datenblatt\" \/>\n<meta property=\"og:url\" content=\"https:\/\/www.paperfast.com\/de\/produkt\/double-a-business-75\/\" \/>\n<meta property=\"og:site_name\" content=\"PAPERFAST\" \/>\n<meta property=\"article:modified_time\" content=\"2026-02-27T15:33:46+00:00\" \/>\n<meta property=\"og:image\" content=\"https:\/\/www.paperfast.com\/wp-content\/uploads\/2023\/05\/Double-A-75.jpg\" \/>\n\t<meta property=\"og:image:width\" content=\"1500\" \/>\n\t<meta property=\"og:image:height\" content=\"1500\" \/>\n\t<meta property=\"og:image:type\" content=\"image\/jpeg\" \/>\n<meta name=\"twitter:card\" content=\"summary_large_image\" \/>\n<script type=\"application\/ld+json\" class=\"yoast-schema-graph\">{\"@context\":\"https:\/\/schema.org\",\"@graph\":[{\"@type\":\"WebPage\",\"@id\":\"https:\/\/www.paperfast.com\/de\/produkt\/double-a-business-75\/\",\"url\":\"https:\/\/www.paperfast.com\/de\/produkt\/double-a-business-75\/\",\"name\":\"Double A Business - PAPERFAST\",\"isPartOf\":{\"@id\":\"https:\/\/www.paperfast.com\/de\/#website\"},\"primaryImageOfPage\":{\"@id\":\"https:\/\/www.paperfast.com\/de\/produkt\/double-a-business-75\/#primaryimage\"},\"image\":{\"@id\":\"https:\/\/www.paperfast.com\/de\/produkt\/double-a-business-75\/#primaryimage\"},\"thumbnailUrl\":\"https:\/\/www.paperfast.com\/wp-content\/uploads\/2023\/05\/Double-A-75.jpg\",\"datePublished\":\"2023-04-20T14:31:28+00:00\",\"dateModified\":\"2026-02-27T15:33:46+00:00\",\"breadcrumb\":{\"@id\":\"https:\/\/www.paperfast.com\/de\/produkt\/double-a-business-75\/#breadcrumb\"},\"inLanguage\":\"de\",\"potentialAction\":[{\"@type\":\"ReadAction\",\"target\":[\"https:\/\/www.paperfast.com\/de\/produkt\/double-a-business-75\/\"]}]},{\"@type\":\"ImageObject\",\"inLanguage\":\"de\",\"@id\":\"https:\/\/www.paperfast.com\/de\/produkt\/double-a-business-75\/#primaryimage\",\"url\":\"https:\/\/www.paperfast.com\/wp-content\/uploads\/2023\/05\/Double-A-75.jpg\",\"contentUrl\":\"https:\/\/www.paperfast.com\/wp-content\/uploads\/2023\/05\/Double-A-75.jpg\",\"width\":1500,\"height\":1500},{\"@type\":\"BreadcrumbList\",\"@id\":\"https:\/\/www.paperfast.com\/de\/produkt\/double-a-business-75\/#breadcrumb\",\"itemListElement\":[{\"@type\":\"ListItem\",\"position\":1,\"name\":\"Home\",\"item\":\"https:\/\/www.paperfast.com\/de\/\"},{\"@type\":\"ListItem\",\"position\":2,\"name\":\"Produkte\",\"item\":\"https:\/\/www.paperfast.com\/de\/produkte\/\"},{\"@type\":\"ListItem\",\"position\":3,\"name\":\"Double A Business\"}]},{\"@type\":\"WebSite\",\"@id\":\"https:\/\/www.paperfast.com\/de\/#website\",\"url\":\"https:\/\/www.paperfast.com\/de\/\",\"name\":\"PAPERFAST\",\"description\":\"Distributore internazionale di carta in risme\",\"publisher\":{\"@id\":\"https:\/\/www.paperfast.com\/de\/#organization\"},\"alternateName\":\"PAPERFAST\",\"potentialAction\":[{\"@type\":\"SearchAction\",\"target\":{\"@type\":\"EntryPoint\",\"urlTemplate\":\"https:\/\/www.paperfast.com\/de\/?s={search_term_string}\"},\"query-input\":{\"@type\":\"PropertyValueSpecification\",\"valueRequired\":true,\"valueName\":\"search_term_string\"}}],\"inLanguage\":\"de\"},{\"@type\":\"Organization\",\"@id\":\"https:\/\/www.paperfast.com\/de\/#organization\",\"name\":\"PAPERFAST s.r.l.\",\"url\":\"https:\/\/www.paperfast.com\/de\/\",\"logo\":{\"@type\":\"ImageObject\",\"inLanguage\":\"de\",\"@id\":\"https:\/\/www.paperfast.com\/de\/#\/schema\/logo\/image\/\",\"url\":\"https:\/\/www.paperfast.com\/wp-content\/uploads\/2018\/07\/Logo_final_CMYK_transp.png\",\"contentUrl\":\"https:\/\/www.paperfast.com\/wp-content\/uploads\/2018\/07\/Logo_final_CMYK_transp.png\",\"width\":679,\"height\":249,\"caption\":\"PAPERFAST s.r.l.\"},\"image\":{\"@id\":\"https:\/\/www.paperfast.com\/de\/#\/schema\/logo\/image\/\"}}]}<\/script>\n<!-- \/ Yoast SEO plugin. -->","yoast_head_json":{"title":"Double A Business - PAPERFAST","robots":{"index":"index","follow":"follow","max-snippet":"max-snippet:-1","max-image-preview":"max-image-preview:large","max-video-preview":"max-video-preview:-1"},"canonical":"https:\/\/www.paperfast.com\/de\/produkt\/double-a-business-75\/","og_locale":"de_DE","og_type":"article","og_title":"Double A Business - PAPERFAST","og_description":"Business ist ein Papier von sehr hoher Qualit\u00e4t f\u00fcr scharfe und brillante Kopien. Schneewei\u00df. Sehr glatt im Griff und perfekt f\u00fcr beidseitiges Drucken. Getestet, um Papierstaus deutlich zu reduzieren, und ideal f\u00fcr Drucke in hohen Auflagen. Erh\u00e4ltlich in 75 g\/m\u00b2 in den Formaten A4 und A3. FSC\u00ae-zertifiziert.    Cod. A4: PFCA001DAB Cod. A3: PFCA003DAB  Technisches Datenblatt","og_url":"https:\/\/www.paperfast.com\/de\/produkt\/double-a-business-75\/","og_site_name":"PAPERFAST","article_modified_time":"2026-02-27T15:33:46+00:00","og_image":[{"width":1500,"height":1500,"url":"https:\/\/www.paperfast.com\/wp-content\/uploads\/2023\/05\/Double-A-75.jpg","type":"image\/jpeg"}],"twitter_card":"summary_large_image","schema":{"@context":"https:\/\/schema.org","@graph":[{"@type":"WebPage","@id":"https:\/\/www.paperfast.com\/de\/produkt\/double-a-business-75\/","url":"https:\/\/www.paperfast.com\/de\/produkt\/double-a-business-75\/","name":"Double A Business - PAPERFAST","isPartOf":{"@id":"https:\/\/www.paperfast.com\/de\/#website"},"primaryImageOfPage":{"@id":"https:\/\/www.paperfast.com\/de\/produkt\/double-a-business-75\/#primaryimage"},"image":{"@id":"https:\/\/www.paperfast.com\/de\/produkt\/double-a-business-75\/#primaryimage"},"thumbnailUrl":"https:\/\/www.paperfast.com\/wp-content\/uploads\/2023\/05\/Double-A-75.jpg","datePublished":"2023-04-20T14:31:28+00:00","dateModified":"2026-02-27T15:33:46+00:00","breadcrumb":{"@id":"https:\/\/www.paperfast.com\/de\/produkt\/double-a-business-75\/#breadcrumb"},"inLanguage":"de","potentialAction":[{"@type":"ReadAction","target":["https:\/\/www.paperfast.com\/de\/produkt\/double-a-business-75\/"]}]},{"@type":"ImageObject","inLanguage":"de","@id":"https:\/\/www.paperfast.com\/de\/produkt\/double-a-business-75\/#primaryimage","url":"https:\/\/www.paperfast.com\/wp-content\/uploads\/2023\/05\/Double-A-75.jpg","contentUrl":"https:\/\/www.paperfast.com\/wp-content\/uploads\/2023\/05\/Double-A-75.jpg","width":1500,"height":1500},{"@type":"BreadcrumbList","@id":"https:\/\/www.paperfast.com\/de\/produkt\/double-a-business-75\/#breadcrumb","itemListElement":[{"@type":"ListItem","position":1,"name":"Home","item":"https:\/\/www.paperfast.com\/de\/"},{"@type":"ListItem","position":2,"name":"Produkte","item":"https:\/\/www.paperfast.com\/de\/produkte\/"},{"@type":"ListItem","position":3,"name":"Double A Business"}]},{"@type":"WebSite","@id":"https:\/\/www.paperfast.com\/de\/#website","url":"https:\/\/www.paperfast.com\/de\/","name":"PAPERFAST","description":"Distributore internazionale di carta in risme","publisher":{"@id":"https:\/\/www.paperfast.com\/de\/#organization"},"alternateName":"PAPERFAST","potentialAction":[{"@type":"SearchAction","target":{"@type":"EntryPoint","urlTemplate":"https:\/\/www.paperfast.com\/de\/?s={search_term_string}"},"query-input":{"@type":"PropertyValueSpecification","valueRequired":true,"valueName":"search_term_string"}}],"inLanguage":"de"},{"@type":"Organization","@id":"https:\/\/www.paperfast.com\/de\/#organization","name":"PAPERFAST s.r.l.","url":"https:\/\/www.paperfast.com\/de\/","logo":{"@type":"ImageObject","inLanguage":"de","@id":"https:\/\/www.paperfast.com\/de\/#\/schema\/logo\/image\/","url":"https:\/\/www.paperfast.com\/wp-content\/uploads\/2018\/07\/Logo_final_CMYK_transp.png","contentUrl":"https:\/\/www.paperfast.com\/wp-content\/uploads\/2018\/07\/Logo_final_CMYK_transp.png","width":679,"height":249,"caption":"PAPERFAST s.r.l."},"image":{"@id":"https:\/\/www.paperfast.com\/de\/#\/schema\/logo\/image\/"}}]}},"_links":{"self":[{"href":"https:\/\/www.paperfast.com\/de\/wp-json\/wp\/v2\/product\/5725","targetHints":{"allow":["GET"]}}],"collection":[{"href":"https:\/\/www.paperfast.com\/de\/wp-json\/wp\/v2\/product"}],"about":[{"href":"https:\/\/www.paperfast.com\/de\/wp-json\/wp\/v2\/types\/product"}],"wp:featuredmedia":[{"embeddable":true,"href":"https:\/\/www.paperfast.com\/de\/wp-json\/wp\/v2\/media\/5726"}],"wp:attachment":[{"href":"https:\/\/www.paperfast.com\/de\/wp-json\/wp\/v2\/media?parent=5725"}],"wp:term":[{"taxonomy":"product_brand","embeddable":true,"href":"https:\/\/www.paperfast.com\/de\/wp-json\/wp\/v2\/product_brand?post=5725"},{"taxonomy":"product_cat","embeddable":true,"href":"https:\/\/www.paperfast.com\/de\/wp-json\/wp\/v2\/product_cat?post=5725"},{"taxonomy":"product_tag","embeddable":true,"href":"https:\/\/www.paperfast.com\/de\/wp-json\/wp\/v2\/product_tag?post=5725"}],"curies":[{"name":"wp","href":"https:\/\/api.w.org\/{rel}","templated":true}]}}